{"id":2419,"date":"2019-06-28T12:00:51","date_gmt":"2019-06-28T10:00:51","guid":{"rendered":"http:\/\/szczepienie.info\/?page_id=2419"},"modified":"2025-06-04T14:26:33","modified_gmt":"2025-06-04T12:26:33","slug":"pomoc-w-pisaniu-pism","status":"publish","type":"page","link":"https:\/\/kredytdarmowy.adamiganowicz.eu\/kredytdarmowy\/pomoc-w-pisaniu-pism\/","title":{"rendered":"Potrzebujesz pomocy?"},"content":{"rendered":"<p>Sanepid przys\u0142a\u0142 Ci ponaglenie do szczepienia Twojego dziecka?<\/p>\n<p>Nie wiesz, co i jak im odpisa\u0107?<\/p>\n<p>Nie wiesz, jak si\u0119 zachowa\u0107 na badaniu kwalifikacyjnym?<\/p>\n<h2>Tu znajdziesz praktyczny poradnik dla rodzic\u00f3w, kt\u00f3rzy musz\u0105 i\u015b\u0107 na badanie kwalifikacyjne:\u00a0<a href=\"https:\/\/kredytdarmowy.adamiganowicz.eu\/kredytdarmowy\/instrukcja\" target=\"_blank\" rel=\"noopener\">https:\/\/kredytdarmowy.adamiganowicz.eu\/kredytdarmowy\/instrukcja<\/a><\/h2>\n<p>A potem, gdy masz pytania, mo\u017cesz pisa\u0107 do mnie na adres kontakt@szczepienie.info<\/p>\n<h2>W pierwszej kolejno\u015bci odpowiadam na pytania od os\u00f3b, kt\u00f3re <a href=\"https:\/\/kredytdarmowy.adamiganowicz.eu\/kredytdarmowy\/instrukcja\">zakupi\u0142y poradnik.<\/a><\/h2>\n<p>&nbsp;<\/p>\n<p><img loading=\"lazy\" decoding=\"async\" class=\"alignnone wp-image-2420 size-full\" src=\"https:\/\/kredytdarmowy.adamiganowicz.eu\/kredytdarmowy\/wp-content\/uploads\/2019\/06\/pisma.png\" alt=\"\" width=\"533\" height=\"248\" srcset=\"https:\/\/kredytdarmowy.adamiganowicz.eu\/kredytdarmowy\/wp-content\/uploads\/2019\/06\/pisma.png 533w, https:\/\/kredytdarmowy.adamiganowicz.eu\/kredytdarmowy\/wp-content\/uploads\/2019\/06\/pisma-300x140.png 300w\" sizes=\"auto, (max-width: 533px) 100vw, 533px\" \/><\/p>\n","protected":false},"excerpt":{"rendered":"<p>Sanepid przys\u0142a\u0142 Ci ponaglenie do szczepienia Twojego dziecka? Nie wiesz, co i jak im odpisa\u0107? Nie wiesz, jak si\u0119 zachowa\u0107 na badaniu kwalifikacyjnym? Tu znajdziesz praktyczny poradnik dla rodzic\u00f3w, kt\u00f3rzy musz\u0105 i\u015b\u0107 na badanie kwalifikacyjne:\u00a0https:\/\/kredytdarmowy.adamiganowicz.eu\/kredytdarmowy\/instrukcja A potem, gdy masz pytania, mo\u017cesz pisa\u0107 do mnie na adres kontakt@szczepienie.info W pierwszej kolejno\u015bci odpowiadam na pytania od os\u00f3b, [&hellip;]<\/p>\n","protected":false},"author":1,"featured_media":0,"parent":0,"menu_order":-5,"comment_status":"closed","ping_status":"closed","template":"","meta":{"footnotes":""},"class_list":["post-2419","page","type-page","status-publish","hentry"],"_links":{"self":[{"href":"https:\/\/kredytdarmowy.adamiganowicz.eu\/kredytdarmowy\/wp-json\/wp\/v2\/pages\/2419","targetHints":{"allow":["GET"]}}],"collection":[{"href":"https:\/\/kredytdarmowy.adamiganowicz.eu\/kredytdarmowy\/wp-json\/wp\/v2\/pages"}],"about":[{"href":"https:\/\/kredytdarmowy.adamiganowicz.eu\/kredytdarmowy\/wp-json\/wp\/v2\/types\/page"}],"author":[{"embeddable":true,"href":"https:\/\/kredytdarmowy.adamiganowicz.eu\/kredytdarmowy\/wp-json\/wp\/v2\/users\/1"}],"replies":[{"embeddable":true,"href":"https:\/\/kredytdarmowy.adamiganowicz.eu\/kredytdarmowy\/wp-json\/wp\/v2\/comments?post=2419"}],"version-history":[{"count":12,"href":"https:\/\/kredytdarmowy.adamiganowicz.eu\/kredytdarmowy\/wp-json\/wp\/v2\/pages\/2419\/revisions"}],"predecessor-version":[{"id":5704,"href":"https:\/\/kredytdarmowy.adamiganowicz.eu\/kredytdarmowy\/wp-json\/wp\/v2\/pages\/2419\/revisions\/5704"}],"wp:attachment":[{"href":"https:\/\/kredytdarmowy.adamiganowicz.eu\/kredytdarmowy\/wp-json\/wp\/v2\/media?parent=2419"}],"curies":[{"name":"wp","href":"https:\/\/api.w.org\/{rel}","templated":true}]}}