{"id":154,"date":"2017-12-25T20:37:28","date_gmt":"2017-12-25T19:37:28","guid":{"rendered":"http:\/\/szczepienie.info\/?page_id=154"},"modified":"2025-06-04T14:32:34","modified_gmt":"2025-06-04T12:32:34","slug":"o-stronie","status":"publish","type":"page","link":"https:\/\/kredytdarmowy.adamiganowicz.eu\/kredytdarmowy\/o-stronie\/","title":{"rendered":"Wesprzyj moj\u0105 prac\u0119"},"content":{"rendered":"<div id=\":156\" class=\"ii gt adO\">\n<div id=\":1rj\" class=\"a3s aXjCH \">\n<p>Tworz\u0119 tego bloga oraz <span style=\"color: #ff0000;\"><strong><a style=\"color: #ff0000;\" href=\"https:\/\/x.com\/szczepienie\" target=\"_blank\" rel=\"noopener\">profil na X<\/a><\/strong><\/span>\u00a0a tak\u017ce <span style=\"color: #ff0000;\"><a style=\"color: #ff0000;\" href=\"https:\/\/www.facebook.com\/czyszczepieniasabezpieczne\" target=\"_blank\" rel=\"noopener\"><strong><span style=\"color: #ff0000;\">profil na Facebooku<\/span><\/strong><\/a><\/span> aby dzieli\u0107 si\u0119 z Wami informacjami, kt\u00f3re uda\u0142o mi si\u0119 wydoby\u0107 od Ministra Zdrowia, G\u0142\u00f3wnego Inspektora Sanitarnego, Pa\u0144stwowego Zak\u0142adu Higieny i innych urz\u0119d\u00f3w zaanga\u017cowanych w system de facto przymusowych (bo wykonywanych pod kar\u0105 grzywny) szczepie\u0144 obowi\u0105zuj\u0105cy w Polsce oraz aby pomaga\u0107 Wam w sporze z sanepidami, kt\u00f3re chc\u0105 Was zmusi\u0107 do szczepienia Waszych dzieci.<\/p>\n<p>Je\u015bli\u00a0<span style=\"font-size: 1rem;\">uwa\u017casz, \u017ce to, co tu publikuj\u0119, jest wa\u017cne i u\u017cyteczne &#8211; mo\u017cesz wesprze\u0107 moj\u0105 prac\u0119.<\/span><\/p>\n<p><span style=\"font-size: 1rem;\">Bez Waszej pomocy nie dam rady zajmowa\u0107 si\u0119 tym w takim wymiarze czasowym, w jakim chcia\u0142bym to robi\u0107, aby mia\u0142o to sens, a wi\u0119c aby dawa\u0142o szans\u0119 na doprowadzenie do zmian w obecnym systemie &#8222;szczepie\u0144 ochronnych&#8221;.<\/span><\/p>\n<h3>Je\u015bli Wasze regularne miesi\u0119czne wsparcie umo\u017cliwi mi op\u0142acenie rachunk\u00f3w, to z tego bloga b\u0119d\u0105 wreszcie mog\u0142y znikn\u0105\u0107 te pewnie troch\u0119 irytuj\u0105ce reklamy.<\/h3>\n<p><script async src=\"https:\/\/js.stripe.com\/v3\/buy-button.js\">\n<\/script><\/p>\n<p><a style=\"font-size: 1rem;\" href=\"https:\/\/zrzutka.pl\/z\/szczepienie-info\" target=\"_blank\" rel=\"noopener\">https:\/\/zrzutka.pl\/z\/szczepienie-info<\/a><span style=\"font-size: 1rem;\">\u00a0&#8211; wp\u0142ata cykliczna (regularne wsparcie co miesi\u0105c)<\/span><\/p>\n<\/div>\n<\/div>\n<div class=\"hi\">\n<p><a style=\"font-size: 1rem;\" href=\"https:\/\/buycoffee.to\/szczepienie.info\" target=\"_blank\" rel=\"noopener\">https:\/\/buycoffee.to\/szczepienie.info<\/a><\/p>\n<\/div>\n<div class=\"hi\">\n<p>Za wszystkie wp\u0142aty serdecznie dzi\u0119kuj\u0119.<\/p>\n<h2><\/h2>\n<h1>Kontakt<\/h1>\n<p><span style=\"font-size: 1rem;\">Je\u015bli chcesz si\u0119 ze mn\u0105 skontaktowa\u0107, to napisz maila:<\/span><\/p>\n<\/div>\n<p><img loading=\"lazy\" decoding=\"async\" class=\"alignnone size-full wp-image-4403\" src=\"https:\/\/kredytdarmowy.adamiganowicz.eu\/kredytdarmowy\/wp-content\/uploads\/2020\/11\/kontaktmaupa.png\" alt=\"\" width=\"192\" height=\"28\" \/><\/p>\n<p>Twitter:\u00a0<a href=\"https:\/\/x.com\/szczepienie\" target=\"_blank\" rel=\"noopener\">https:\/\/x.com\/szczepienie<\/a><\/p>\n<p>Faceboook:\u00a0<a href=\"https:\/\/www.facebook.com\/czyszczepieniasabezpieczne\" target=\"_blank\" rel=\"noopener\">https:\/\/www.facebook.com\/czyszczepieniasabezpieczne<\/a><\/p>\n<div class=\"hi\">\n<p>&nbsp;<\/p>\n<\/div>\n","protected":false},"excerpt":{"rendered":"<p>Tworz\u0119 tego bloga oraz profil na X\u00a0a tak\u017ce profil na Facebooku aby dzieli\u0107 si\u0119 z Wami informacjami, kt\u00f3re uda\u0142o mi si\u0119 wydoby\u0107 od Ministra Zdrowia, G\u0142\u00f3wnego Inspektora Sanitarnego, Pa\u0144stwowego Zak\u0142adu Higieny i innych urz\u0119d\u00f3w zaanga\u017cowanych w system de facto przymusowych (bo wykonywanych pod kar\u0105 grzywny) szczepie\u0144 obowi\u0105zuj\u0105cy w Polsce oraz aby pomaga\u0107 Wam w sporze [&hellip;]<\/p>\n","protected":false},"author":1,"featured_media":0,"parent":0,"menu_order":0,"comment_status":"closed","ping_status":"closed","template":"","meta":{"footnotes":""},"class_list":["post-154","page","type-page","status-publish","hentry"],"_links":{"self":[{"href":"https:\/\/kredytdarmowy.adamiganowicz.eu\/kredytdarmowy\/wp-json\/wp\/v2\/pages\/154","targetHints":{"allow":["GET"]}}],"collection":[{"href":"https:\/\/kredytdarmowy.adamiganowicz.eu\/kredytdarmowy\/wp-json\/wp\/v2\/pages"}],"about":[{"href":"https:\/\/kredytdarmowy.adamiganowicz.eu\/kredytdarmowy\/wp-json\/wp\/v2\/types\/page"}],"author":[{"embeddable":true,"href":"https:\/\/kredytdarmowy.adamiganowicz.eu\/kredytdarmowy\/wp-json\/wp\/v2\/users\/1"}],"replies":[{"embeddable":true,"href":"https:\/\/kredytdarmowy.adamiganowicz.eu\/kredytdarmowy\/wp-json\/wp\/v2\/comments?post=154"}],"version-history":[{"count":59,"href":"https:\/\/kredytdarmowy.adamiganowicz.eu\/kredytdarmowy\/wp-json\/wp\/v2\/pages\/154\/revisions"}],"predecessor-version":[{"id":5705,"href":"https:\/\/kredytdarmowy.adamiganowicz.eu\/kredytdarmowy\/wp-json\/wp\/v2\/pages\/154\/revisions\/5705"}],"wp:attachment":[{"href":"https:\/\/kredytdarmowy.adamiganowicz.eu\/kredytdarmowy\/wp-json\/wp\/v2\/media?parent=154"}],"curies":[{"name":"wp","href":"https:\/\/api.w.org\/{rel}","templated":true}]}}